{"id":14,"date":"2017-10-15T01:53:18","date_gmt":"2017-10-15T03:53:18","guid":{"rendered":"https:\/\/mazonmaquetes.com.br\/ingles\/ingles\/servicos\/"},"modified":"2023-10-04T14:53:52","modified_gmt":"2023-10-04T17:53:52","slug":"services","status":"publish","type":"page","link":"https:\/\/mazonmaquetes.com.br\/ingles\/services\/","title":{"rendered":"SERVICES"},"content":{"rendered":"<!-- Services -->\r\n<section class=\"services\" id=\"services\">\r\n    <div class=\"container\">\r\n        <div class=\"row\">\r\n            <div class=\"col-sm-12\"><span class=\"section-number wow fadeInUp\">4<\/span>\r\n                <h2 class=\"section-heading wow fadeInUp\">We build models&#8230;<\/h2>\r\n            <\/div>\r\n\r\n\r\n            <div class=\"col-sm-4 service-column wow fadeInUp\">\r\n                <div class=\"service-box\"><i class=\"fa fa-building-o\"><\/i>\r\n                    <h3>Residential Buildings<\/h3>\r\n                    <p>We execute your Residential Building model project with the greatest possible realism and\r\n                        richness in detail and elegance.\r\n                    <\/p>\r\n                    <a href=\"https:\/\/mazonmaquetes.com.br\/ingles\/edificios-residenciais\/\" title=\"SEE PROJECTS\">SEE\r\n                        PROJECTS<\/a>\r\n                <\/div>\r\n\r\n\r\n                <div class=\"service-box\"><i class=\"fa fa-building\"><\/i>\r\n                    <h3>Commercial Buildings<\/h3>\r\n                    <p>Commercial Buildings are meant exclusively for business, and in business, it&#8217;s always good to get\r\n                        a preview of what&#8217;s to come.\r\n                    <\/p>\r\n                    <a href=\"https:\/\/mazonmaquetes.com.br\/ingles\/edificios-comerciais\/\" title=\"SEE PROJECTS\">SEE\r\n                        PROJECTS<\/a>\r\n                <\/div>\r\n            <\/div>\r\n\r\n\r\n            <div class=\"col-sm-4 service-column wow fadeInUp\">\r\n                <div class=\"service-box\"><i class=\"fa fa-home\"><\/i>\r\n                    <h3>Residences<\/h3>\r\n                    <p>Count on us to bring your dream home to reality. Make sure you have all the details possible, as\r\n                        you always wanted.<\/p>\r\n                    <a href=\"https:\/\/mazonmaquetes.com.br\/ingles\/residencias\/\" title=\"SEE PROJECTS\">SEE PROJECTS<\/a>\r\n                <\/div>\r\n\r\n\r\n                <div class=\"service-box\"><i class=\"fa fa-building-o\"><\/i>\r\n                    <h3>Condominiums<\/h3>\r\n                    <p>Show future tenants your real guarantees and benefits as a resident even before moving in with\r\n                        beautiful models.<\/p>\r\n                    <a href=\"https:\/\/mazonmaquetes.com.br\/ingles\/condominios\/\" title=\"SEE PROJECTS\">SEE PROJECTS<\/a>\r\n                <\/div>\r\n            <\/div>\r\n\r\n\r\n            <div class=\"col-sm-4 service-column wow fadeInUp\">\r\n                <div class=\"service-box\"><i class=\"fa fa-grav\"><\/i>\r\n                    <h3>Museums<\/h3>\r\n                    <p>It is fun to develop Museum Models. You can even see details in some objects that will be\r\n                        exposed.\r\n                    <\/p>\r\n                    <a href=\"https:\/\/mazonmaquetes.com.br\/ingles\/museus\/\" title=\"SEE PROJECTS\">SEE PROJECTS<\/a>\r\n                <\/div>\r\n\r\n\r\n                <div class=\"service-box\"><i class=\"fa fa-university\"><\/i>\r\n                    <h3>Academics<\/h3>\r\n                    <p>From the left-handed chair to the bookcases (with books), we take our students&#8217; comfort and\r\n                        accessibility seriously.<\/p>\r\n                    <a href=\"https:\/\/mazonmaquetes.com.br\/ingles\/academicas\/\" title=\"SEE PROJECTS\">SEE PROJECTS<\/a>\r\n                <\/div>\r\n            <\/div>\r\n        <\/div>\r\n\r\n\r\n        <div class=\"row\" style=\"margin-top: 90px;\">\r\n            <div class=\"col-sm-4 service-column wow fadeInUp\">\r\n                <div class=\"service-box\"><i class=\"fa fa-hospital-o\"><\/i>\r\n                    <h3>Hospitals<\/h3>\r\n                    <p>Hospitals also get an extra dose of affection from Mazon. The most interesting thing is that even\r\n                        the stretchers have wheels.<\/p>\r\n                    <a href=\"https:\/\/mazonmaquetes.com.br\/ingles\/hospitais\/\" title=\"SEE PROJECTS\">SEE PROJECTS<\/a>\r\n                <\/div>\r\n\r\n\r\n                <div class=\"service-box\"><i class=\"fa fa-picture-o\"><\/i>\r\n                    <h3>Urbanistics<\/h3>\r\n                    <p>We emphasize the importance of every detail in its urban design, with objects, people, and all\r\n                        the necessary natural surroundings.<\/p>\r\n                    <a href=\"https:\/\/mazonmaquetes.com.br\/ingles\/urbanisticas\/\" title=\"SEE PROJECTS\">SEE PROJECTS<\/a>\r\n                <\/div>\r\n            <\/div>\r\n\r\n\r\n            <div class=\"col-sm-4 service-column wow fadeInUp\">\r\n                <div class=\"service-box\"><i class=\"fa fa-industry\"><\/i>\r\n                    <h3>Industrials<\/h3>\r\n                    <p>We&#8217;ll help you better organize your industry&#8217;s layout, giving you a superior point of view of\r\n                        what&#8217;s going on there.<\/p>\r\n                    <a href=\"https:\/\/mazonmaquetes.com.br\/ingles\/industriais\/\" title=\"SEE PROJECTS\">SEE PROJECTS<\/a>\r\n                <\/div>\r\n\r\n\r\n                <div class=\"service-box\"><i class=\"fa fa-pencil\"><\/i>\r\n                    <h3>Others<\/h3>\r\n                    <p>Our experience and skilled professionals will help you with your specific project. We are always\r\n                        willing to go further.<\/p>\r\n                    <a href=\"https:\/\/mazonmaquetes.com.br\/ingles\/outros\/\" title=\"SEE PROJECTS\">SEE PROJECTS<\/a>\r\n                <\/div>\r\n            <\/div>\r\n\r\n\r\n            <div class=\"col-sm-4 service-column wow fadeInUp\">\r\n                <div class=\"service-box\"><i class=\"fa fa-inbox\"><\/i>\r\n                    <h3>Interiors<\/h3>\r\n                    <p>How about seeing the details from the inside? Our state-of-the-art technology allows us to\r\n                        develop models on different scales.<\/p>\r\n                    <a href=\"https:\/\/mazonmaquetes.com.br\/ingles\/internas\/\" title=\"SEE PROJECTS\">SEE PROJECTS<\/a>\r\n                <\/div>\r\n            <\/div>\r\n        <\/div>\r\n    <\/div>\r\n<\/section>\r\n<!-- End Services -->\r\n<section class=\"service-calltoaction\">\r\n    <div class=\"container\">\r\n        <div class=\"row\">\r\n            <div class=\"col-sm-12 col-md-9 col-lg-9 service-calltocontent\"><i class=\"fa fa-paper-plane fa-4x\"><\/i>\r\n                <h2><strong>LET&#8217;S EXECUTE YOUR MODEL PROJECT?<\/h2>\r\n                <p>One click is all it takes to send your projects right away or answer your questions.<\/p>\r\n            <\/div>\r\n            <div class=\"col-sm-12 col-md-3 col-lg-3 service-calltobutton\"><a\r\n                    href=\"https:\/\/mazonmaquetes.com.br\/ingles\/ingles\/contato\/\" title=\"Fale Conosco\"\r\n                    class=\"btn btn-default\">CONT\u00c1CTENOS<\/a><\/div>\r\n        <\/div>\r\n    <\/div>\r\n<\/section>","protected":false},"excerpt":{"rendered":"<p>4 We build models&#8230; Residential Buildings We execute your Residential Building model project with the greatest possible realism and richness in detail&#8230;<\/p>\n","protected":false},"author":1,"featured_media":0,"parent":0,"menu_order":0,"comment_status":"closed","ping_status":"closed","template":"","meta":{"footnotes":""},"yoast_head":"<!-- This site is optimized with the Yoast SEO plugin v21.3 - https:\/\/yoast.com\/wordpress\/plugins\/seo\/ -->\n<title>SERVICES &#8212; Mazon Maquetes<\/title>\n<meta name=\"description\" content=\"Ressaltamos a import\u00e2ncia em cada detalhe de seu projeto de projeto, como objetos, pessoas e todo tipo de ambiente natural, interno ou externo.\" \/>\n<meta name=\"robots\" content=\"index, follow, max-snippet:-1, max-image-preview:large, max-video-preview:-1\" \/>\n<link rel=\"canonical\" href=\"https:\/\/mazonmaquetes.com.br\/ingles\/services\/\" \/>\n<meta property=\"og:locale\" content=\"pt_BR\" \/>\n<meta property=\"og:type\" content=\"article\" \/>\n<meta property=\"og:title\" content=\"SERVICES &#8212; Mazon Maquetes\" \/>\n<meta property=\"og:description\" content=\"Ressaltamos a import\u00e2ncia em cada detalhe de seu projeto de projeto, como objetos, pessoas e todo tipo de ambiente natural, interno ou externo.\" \/>\n<meta property=\"og:url\" content=\"https:\/\/mazonmaquetes.com.br\/ingles\/services\/\" \/>\n<meta property=\"og:site_name\" content=\"Mazon Maquetes\" \/>\n<meta property=\"article:publisher\" content=\"https:\/\/pt-br.facebook.com\/MazonMaquetes\/\" \/>\n<meta property=\"article:modified_time\" content=\"2023-10-04T17:53:52+00:00\" \/>\n<meta name=\"twitter:card\" content=\"summary_large_image\" \/>\n<meta name=\"twitter:site\" content=\"@mazonmaquetes\" \/>\n<meta name=\"twitter:label1\" content=\"Est. tempo de leitura\" \/>\n\t<meta name=\"twitter:data1\" content=\"2 minutos\" \/>\n<script type=\"application\/ld+json\" class=\"yoast-schema-graph\">{\"@context\":\"https:\/\/schema.org\",\"@graph\":[{\"@type\":\"WebPage\",\"@id\":\"https:\/\/mazonmaquetes.com.br\/ingles\/services\/\",\"url\":\"https:\/\/mazonmaquetes.com.br\/ingles\/services\/\",\"name\":\"SERVICES &#8212; Mazon Maquetes\",\"isPartOf\":{\"@id\":\"https:\/\/mazonmaquetes.com.br\/ingles\/#website\"},\"datePublished\":\"2017-10-15T03:53:18+00:00\",\"dateModified\":\"2023-10-04T17:53:52+00:00\",\"description\":\"Ressaltamos a import\u00e2ncia em cada detalhe de seu projeto de projeto, como objetos, pessoas e todo tipo de ambiente natural, interno ou externo.\",\"breadcrumb\":{\"@id\":\"https:\/\/mazonmaquetes.com.br\/ingles\/services\/#breadcrumb\"},\"inLanguage\":\"pt-BR\",\"potentialAction\":[{\"@type\":\"ReadAction\",\"target\":[\"https:\/\/mazonmaquetes.com.br\/ingles\/services\/\"]}]},{\"@type\":\"BreadcrumbList\",\"@id\":\"https:\/\/mazonmaquetes.com.br\/ingles\/services\/#breadcrumb\",\"itemListElement\":[{\"@type\":\"ListItem\",\"position\":1,\"name\":\"In\u00edcio\",\"item\":\"https:\/\/mazonmaquetes.com.br\/ingles\/\"},{\"@type\":\"ListItem\",\"position\":2,\"name\":\"SERVICES\"}]},{\"@type\":\"WebSite\",\"@id\":\"https:\/\/mazonmaquetes.com.br\/ingles\/#website\",\"url\":\"https:\/\/mazonmaquetes.com.br\/ingles\/\",\"name\":\"Mazon Maquetes\",\"description\":\"A Mazon Maquetes e Modelos atua na elabora\u00e7\u00e3o de maquetes para diversos setores e aplica\u00e7\u00f5es, como o mercado imobili\u00e1rio, industrial, museol\u00f3gico, acad\u00eamico e outros a n\u00edvel nacional e internacional.\",\"potentialAction\":[{\"@type\":\"SearchAction\",\"target\":{\"@type\":\"EntryPoint\",\"urlTemplate\":\"https:\/\/mazonmaquetes.com.br\/ingles\/?s={search_term_string}\"},\"query-input\":\"required name=search_term_string\"}],\"inLanguage\":\"pt-BR\"}]}<\/script>\n<!-- \/ Yoast SEO plugin. -->","yoast_head_json":{"title":"SERVICES &#8212; Mazon Maquetes","description":"Ressaltamos a import\u00e2ncia em cada detalhe de seu projeto de projeto, como objetos, pessoas e todo tipo de ambiente natural, interno ou externo.","robots":{"index":"index","follow":"follow","max-snippet":"max-snippet:-1","max-image-preview":"max-image-preview:large","max-video-preview":"max-video-preview:-1"},"canonical":"https:\/\/mazonmaquetes.com.br\/ingles\/services\/","og_locale":"pt_BR","og_type":"article","og_title":"SERVICES &#8212; Mazon Maquetes","og_description":"Ressaltamos a import\u00e2ncia em cada detalhe de seu projeto de projeto, como objetos, pessoas e todo tipo de ambiente natural, interno ou externo.","og_url":"https:\/\/mazonmaquetes.com.br\/ingles\/services\/","og_site_name":"Mazon Maquetes","article_publisher":"https:\/\/pt-br.facebook.com\/MazonMaquetes\/","article_modified_time":"2023-10-04T17:53:52+00:00","twitter_card":"summary_large_image","twitter_site":"@mazonmaquetes","twitter_misc":{"Est. tempo de leitura":"2 minutos"},"schema":{"@context":"https:\/\/schema.org","@graph":[{"@type":"WebPage","@id":"https:\/\/mazonmaquetes.com.br\/ingles\/services\/","url":"https:\/\/mazonmaquetes.com.br\/ingles\/services\/","name":"SERVICES &#8212; Mazon Maquetes","isPartOf":{"@id":"https:\/\/mazonmaquetes.com.br\/ingles\/#website"},"datePublished":"2017-10-15T03:53:18+00:00","dateModified":"2023-10-04T17:53:52+00:00","description":"Ressaltamos a import\u00e2ncia em cada detalhe de seu projeto de projeto, como objetos, pessoas e todo tipo de ambiente natural, interno ou externo.","breadcrumb":{"@id":"https:\/\/mazonmaquetes.com.br\/ingles\/services\/#breadcrumb"},"inLanguage":"pt-BR","potentialAction":[{"@type":"ReadAction","target":["https:\/\/mazonmaquetes.com.br\/ingles\/services\/"]}]},{"@type":"BreadcrumbList","@id":"https:\/\/mazonmaquetes.com.br\/ingles\/services\/#breadcrumb","itemListElement":[{"@type":"ListItem","position":1,"name":"In\u00edcio","item":"https:\/\/mazonmaquetes.com.br\/ingles\/"},{"@type":"ListItem","position":2,"name":"SERVICES"}]},{"@type":"WebSite","@id":"https:\/\/mazonmaquetes.com.br\/ingles\/#website","url":"https:\/\/mazonmaquetes.com.br\/ingles\/","name":"Mazon Maquetes","description":"A Mazon Maquetes e Modelos atua na elabora\u00e7\u00e3o de maquetes para diversos setores e aplica\u00e7\u00f5es, como o mercado imobili\u00e1rio, industrial, museol\u00f3gico, acad\u00eamico e outros a n\u00edvel nacional e internacional.","potentialAction":[{"@type":"SearchAction","target":{"@type":"EntryPoint","urlTemplate":"https:\/\/mazonmaquetes.com.br\/ingles\/?s={search_term_string}"},"query-input":"required name=search_term_string"}],"inLanguage":"pt-BR"}]}},"_links":{"self":[{"href":"https:\/\/mazonmaquetes.com.br\/ingles\/wp-json\/wp\/v2\/pages\/14"}],"collection":[{"href":"https:\/\/mazonmaquetes.com.br\/ingles\/wp-json\/wp\/v2\/pages"}],"about":[{"href":"https:\/\/mazonmaquetes.com.br\/ingles\/wp-json\/wp\/v2\/types\/page"}],"author":[{"embeddable":true,"href":"https:\/\/mazonmaquetes.com.br\/ingles\/wp-json\/wp\/v2\/users\/1"}],"replies":[{"embeddable":true,"href":"https:\/\/mazonmaquetes.com.br\/ingles\/wp-json\/wp\/v2\/comments?post=14"}],"version-history":[{"count":0,"href":"https:\/\/mazonmaquetes.com.br\/ingles\/wp-json\/wp\/v2\/pages\/14\/revisions"}],"wp:attachment":[{"href":"https:\/\/mazonmaquetes.com.br\/ingles\/wp-json\/wp\/v2\/media?parent=14"}],"curies":[{"name":"wp","href":"https:\/\/api.w.org\/{rel}","templated":true}]}}