{"id":17,"date":"2017-10-15T01:53:18","date_gmt":"2017-10-15T03:53:18","guid":{"rendered":"https:\/\/mazonmaquetes.com.br\/espanhol\/contato\/"},"modified":"2023-06-27T15:41:26","modified_gmt":"2023-06-27T18:41:26","slug":"contacto","status":"publish","type":"page","link":"https:\/\/mazonmaquetes.com.br\/espanhol\/contacto\/","title":{"rendered":"Contacto"},"content":{"rendered":"<section class=\"contact-main\">\r\n<div class=\"container\">\r\n<div class=\"row\">\r\n<div class=\"col-sm-4\">\r\n<h2 class=\"title\">Cuente con nosotros&#8230;<\/h2>\r\n<p>No dude en contactarnos sobre su proyecto de maqueta. \u00a1P\u00f3ngase en contacto con nosotros a trav\u00e9s de los contactos a continuaci\u00f3n o vis\u00edtenos!<\/p>\r\n<ul class=\"list-unstyled contact-address-list\">\r\n\t<li><i class=\"fa fa-phone\"><\/i><strong>Tel\u00e9fono:<\/strong> <span>(41) 3046-3674<\/span><span><\/span><\/li>\r\n\t<li><i class=\"fa fa-globe\"><\/i><strong>Sitio:<\/strong> <span>www.mazonmaquetes.com.br<\/span><\/li>\r\n\t<li><i class=\"fa fa-envelope\"><\/i> <strong>Correo electr\u00f3nico:<\/strong> <span>contato@mazonmaquetes.com.br<\/span><\/li>\r\n<\/ul>\r\n<\/div>\r\n<!-- End: .col-sm-4 -->\r\n<div class=\"col-sm-8\">\r\n<div class=\"contact-form\">\r\n<h2 class=\"title\">\u00a1Env\u00ede un mensaje! <\/h2>\r\n\r\n<form id=\"contact-form\">\n\t\t\t    <div class=\"row\">\n\t\t\t        <div class=\"col-sm-6\"><input placeholder=\"\u00bfCu\u00e1l es tu nombre?\" required=\"\" type=\"text\"  name=\"name\" id=\"name\" \/><\/div>\n\t\t\t        <div class=\"col-sm-6\"><input placeholder=\"Correo electr\u00f3nico preferido \" required=\"\" type=\"email\"  name=\"email\" id=\"email\"\/><\/div>\n\t\t\t        <div class=\"col-sm-12\"><input placeholder=\"\u00bfCu\u00e1l es el asunto?\" type=\"text\"  name=\"subject\" id=\"subject\"\/><\/div>\n\t\t\t        <div class=\"col-sm-12\"><textarea placeholder=\"Escribe tu mensaje\" required=\"\" name=\"message\" id=\"message\"><\/textarea><\/div>\n\t\t\t        <div class=\"col-sm-12\"><button type=\"submit\">ENVIAR MENSAJE<\/button><\/div>\n\t\t\t    <\/div>\n\t\t\t<\/form><\/div>\r\n<\/div>\r\n<!-- End: .col-sm-8 --><\/div>\r\n<\/div>\r\n<\/section>\r\n<section class=\"google-map\">\r\n<div class=\"container-fluid\">\r\n<div class=\"row\">\r\n<div class=\"col-sm-9\">\r\n<iframe src=\"https:\/\/www.google.com\/maps\/embed?pb=!1m14!1m8!1m3!1d14410.958572633528!2d-49.3068152!3d-25.4469665!3m2!1i1024!2i768!4f13.1!3m3!1m2!1s0x94dce3be7d15f7a9%3A0xce0a2b49226a0d73!2sMazon%20Maquetes!5e0!3m2!1spt-BR!2sbr!4v1687891171359!5m2!1spt-BR!2sbr\" width=\"100%\" height=\"300\" style=\"border:0;\" allowfullscreen=\"\" loading=\"lazy\" referrerpolicy=\"no-referrer-when-downgrade\"><\/iframe>\r\n<\/div>\r\n<div class=\"col-sm-3\">\r\n<div class=\"map-address\">\r\n<h3>Nuestra f\u00e1brica<\/h3>\r\n<ul class=\"list-unstyled\">\r\n\t<li>R. Major Alberto Pereira, 213<\/li>\r\n\t<li>Semin\u00e1rio, Curitiba, PR<\/li>\r\n\t<li>Telefone (41) 3046-3674<\/li>\r\n<\/ul>\r\n<\/div>\r\n<\/div>\r\n<\/div>\r\n<\/div>\r\n<\/section>","protected":false},"excerpt":{"rendered":"<p>Cuente con nosotros&#8230; No dude en contactarnos sobre su proyecto de maqueta. \u00a1P\u00f3ngase en contacto con nosotros a trav\u00e9s de los contactos&#8230;<\/p>\n","protected":false},"author":1,"featured_media":0,"parent":0,"menu_order":0,"comment_status":"closed","ping_status":"closed","template":"","meta":{"footnotes":""},"yoast_head":"<!-- This site is optimized with the Yoast SEO plugin v21.3 - https:\/\/yoast.com\/wordpress\/plugins\/seo\/ -->\n<title>Contacto &#8212; Mazon Maquetes<\/title>\n<meta name=\"description\" content=\"Fale com a equipe mais qualificada de Curitiba sobre seus projetos de maquete e garanta um resultado final rico em detalhes e com acabamento perfeito.\" \/>\n<meta name=\"robots\" content=\"index, follow, max-snippet:-1, max-image-preview:large, max-video-preview:-1\" \/>\n<link rel=\"canonical\" href=\"https:\/\/mazonmaquetes.com.br\/espanhol\/contacto\/\" \/>\n<meta property=\"og:locale\" content=\"pt_BR\" \/>\n<meta property=\"og:type\" content=\"article\" \/>\n<meta property=\"og:title\" content=\"Contacto &#8212; Mazon Maquetes\" \/>\n<meta property=\"og:description\" content=\"Fale com a equipe mais qualificada de Curitiba sobre seus projetos de maquete e garanta um resultado final rico em detalhes e com acabamento perfeito.\" \/>\n<meta property=\"og:url\" content=\"https:\/\/mazonmaquetes.com.br\/espanhol\/contacto\/\" \/>\n<meta property=\"og:site_name\" content=\"Mazon Maquetes\" \/>\n<meta property=\"article:publisher\" content=\"https:\/\/pt-br.facebook.com\/MazonMaquetes\/\" \/>\n<meta property=\"article:modified_time\" content=\"2023-06-27T18:41:26+00:00\" \/>\n<meta name=\"twitter:card\" content=\"summary_large_image\" \/>\n<meta name=\"twitter:site\" content=\"@mazonmaquetes\" \/>\n<meta name=\"twitter:label1\" content=\"Est. tempo de leitura\" \/>\n\t<meta name=\"twitter:data1\" content=\"1 minuto\" \/>\n<script type=\"application\/ld+json\" class=\"yoast-schema-graph\">{\"@context\":\"https:\/\/schema.org\",\"@graph\":[{\"@type\":\"WebPage\",\"@id\":\"https:\/\/mazonmaquetes.com.br\/espanhol\/contacto\/\",\"url\":\"https:\/\/mazonmaquetes.com.br\/espanhol\/contacto\/\",\"name\":\"Contacto &#8212; Mazon Maquetes\",\"isPartOf\":{\"@id\":\"https:\/\/mazonmaquetes.com.br\/espanhol\/#website\"},\"datePublished\":\"2017-10-15T03:53:18+00:00\",\"dateModified\":\"2023-06-27T18:41:26+00:00\",\"description\":\"Fale com a equipe mais qualificada de Curitiba sobre seus projetos de maquete e garanta um resultado final rico em detalhes e com acabamento perfeito.\",\"breadcrumb\":{\"@id\":\"https:\/\/mazonmaquetes.com.br\/espanhol\/contacto\/#breadcrumb\"},\"inLanguage\":\"pt-BR\",\"potentialAction\":[{\"@type\":\"ReadAction\",\"target\":[\"https:\/\/mazonmaquetes.com.br\/espanhol\/contacto\/\"]}]},{\"@type\":\"BreadcrumbList\",\"@id\":\"https:\/\/mazonmaquetes.com.br\/espanhol\/contacto\/#breadcrumb\",\"itemListElement\":[{\"@type\":\"ListItem\",\"position\":1,\"name\":\"In\u00edcio\",\"item\":\"https:\/\/mazonmaquetes.com.br\/espanhol\/\"},{\"@type\":\"ListItem\",\"position\":2,\"name\":\"Contacto\"}]},{\"@type\":\"WebSite\",\"@id\":\"https:\/\/mazonmaquetes.com.br\/espanhol\/#website\",\"url\":\"https:\/\/mazonmaquetes.com.br\/espanhol\/\",\"name\":\"Mazon Maquetes\",\"description\":\"La Mazon Maquetes e Modelos atua na elabora\u00e7\u00e3o de maquetes para diversos setores e aplica\u00e7\u00f5es, como o mercado imobili\u00e1rio, industrial, museol\u00f3gico, acad\u00eamico e outros a n\u00edvel nacional e internacional.\",\"potentialAction\":[{\"@type\":\"SearchAction\",\"target\":{\"@type\":\"EntryPoint\",\"urlTemplate\":\"https:\/\/mazonmaquetes.com.br\/espanhol\/?s={search_term_string}\"},\"query-input\":\"required name=search_term_string\"}],\"inLanguage\":\"pt-BR\"}]}<\/script>\n<!-- \/ Yoast SEO plugin. -->","yoast_head_json":{"title":"Contacto &#8212; Mazon Maquetes","description":"Fale com a equipe mais qualificada de Curitiba sobre seus projetos de maquete e garanta um resultado final rico em detalhes e com acabamento perfeito.","robots":{"index":"index","follow":"follow","max-snippet":"max-snippet:-1","max-image-preview":"max-image-preview:large","max-video-preview":"max-video-preview:-1"},"canonical":"https:\/\/mazonmaquetes.com.br\/espanhol\/contacto\/","og_locale":"pt_BR","og_type":"article","og_title":"Contacto &#8212; Mazon Maquetes","og_description":"Fale com a equipe mais qualificada de Curitiba sobre seus projetos de maquete e garanta um resultado final rico em detalhes e com acabamento perfeito.","og_url":"https:\/\/mazonmaquetes.com.br\/espanhol\/contacto\/","og_site_name":"Mazon Maquetes","article_publisher":"https:\/\/pt-br.facebook.com\/MazonMaquetes\/","article_modified_time":"2023-06-27T18:41:26+00:00","twitter_card":"summary_large_image","twitter_site":"@mazonmaquetes","twitter_misc":{"Est. tempo de leitura":"1 minuto"},"schema":{"@context":"https:\/\/schema.org","@graph":[{"@type":"WebPage","@id":"https:\/\/mazonmaquetes.com.br\/espanhol\/contacto\/","url":"https:\/\/mazonmaquetes.com.br\/espanhol\/contacto\/","name":"Contacto &#8212; Mazon Maquetes","isPartOf":{"@id":"https:\/\/mazonmaquetes.com.br\/espanhol\/#website"},"datePublished":"2017-10-15T03:53:18+00:00","dateModified":"2023-06-27T18:41:26+00:00","description":"Fale com a equipe mais qualificada de Curitiba sobre seus projetos de maquete e garanta um resultado final rico em detalhes e com acabamento perfeito.","breadcrumb":{"@id":"https:\/\/mazonmaquetes.com.br\/espanhol\/contacto\/#breadcrumb"},"inLanguage":"pt-BR","potentialAction":[{"@type":"ReadAction","target":["https:\/\/mazonmaquetes.com.br\/espanhol\/contacto\/"]}]},{"@type":"BreadcrumbList","@id":"https:\/\/mazonmaquetes.com.br\/espanhol\/contacto\/#breadcrumb","itemListElement":[{"@type":"ListItem","position":1,"name":"In\u00edcio","item":"https:\/\/mazonmaquetes.com.br\/espanhol\/"},{"@type":"ListItem","position":2,"name":"Contacto"}]},{"@type":"WebSite","@id":"https:\/\/mazonmaquetes.com.br\/espanhol\/#website","url":"https:\/\/mazonmaquetes.com.br\/espanhol\/","name":"Mazon Maquetes","description":"La Mazon Maquetes e Modelos atua na elabora\u00e7\u00e3o de maquetes para diversos setores e aplica\u00e7\u00f5es, como o mercado imobili\u00e1rio, industrial, museol\u00f3gico, acad\u00eamico e outros a n\u00edvel nacional e internacional.","potentialAction":[{"@type":"SearchAction","target":{"@type":"EntryPoint","urlTemplate":"https:\/\/mazonmaquetes.com.br\/espanhol\/?s={search_term_string}"},"query-input":"required name=search_term_string"}],"inLanguage":"pt-BR"}]}},"_links":{"self":[{"href":"https:\/\/mazonmaquetes.com.br\/espanhol\/wp-json\/wp\/v2\/pages\/17"}],"collection":[{"href":"https:\/\/mazonmaquetes.com.br\/espanhol\/wp-json\/wp\/v2\/pages"}],"about":[{"href":"https:\/\/mazonmaquetes.com.br\/espanhol\/wp-json\/wp\/v2\/types\/page"}],"author":[{"embeddable":true,"href":"https:\/\/mazonmaquetes.com.br\/espanhol\/wp-json\/wp\/v2\/users\/1"}],"replies":[{"embeddable":true,"href":"https:\/\/mazonmaquetes.com.br\/espanhol\/wp-json\/wp\/v2\/comments?post=17"}],"version-history":[{"count":0,"href":"https:\/\/mazonmaquetes.com.br\/espanhol\/wp-json\/wp\/v2\/pages\/17\/revisions"}],"wp:attachment":[{"href":"https:\/\/mazonmaquetes.com.br\/espanhol\/wp-json\/wp\/v2\/media?parent=17"}],"curies":[{"name":"wp","href":"https:\/\/api.w.org\/{rel}","templated":true}]}}