{"id":16,"date":"2017-10-15T01:53:18","date_gmt":"2017-10-15T03:53:18","guid":{"rendered":"https:\/\/mazonmaquetes.com.br\/espanhol\/videos\/"},"modified":"2023-06-27T15:30:11","modified_gmt":"2023-06-27T18:30:11","slug":"videos","status":"publish","type":"page","link":"https:\/\/mazonmaquetes.com.br\/espanhol\/videos\/","title":{"rendered":"V\u00eddeos"},"content":{"rendered":"<section class=\"video\">\r\n<div class=\"container\">\r\n<div class=\"row\">\r\n<div class=\"col-sm-12\">\r\n<h2 class=\"section-heading wow fadeInUp\" style=\"visibility: visible; animation-name: fadeInUp;\">Nuestro V\u00eddeos\u2026<\/h2>\r\n<\/div>\r\n<div class=\"col-sm-12 video-wrapper wow fadeInUp\" style=\"visibility: visible; animation-name: fadeInUp;\"><iframe loading=\"lazy\" width=\"950\" height=\"534\" src=\"https:\/\/www.youtube.com\/embed\/mc5HNF8uXFc\" allowfullscreen=\"allowfullscreen\" frameborder=\"0\"><\/iframe><\/div>\r\n<div class=\"col-sm-12 video-wrapper wow fadeInUp\" style=\"visibility: visible; animation-name: fadeInUp; margin-top: 50px;\"><iframe loading=\"lazy\" width=\"950\" height=\"534\" src=\"https:\/\/www.youtube.com\/embed\/spL-y4bBs5A\" allowfullscreen=\"allowfullscreen\" frameborder=\"0\"><\/iframe><\/div>\r\n<div class=\"col-sm-12 video-wrapper wow fadeInUp\" style=\"visibility: visible; animation-name: fadeInUp; margin-top: 50px;\"><iframe loading=\"lazy\" width=\"950\" height=\"534\" src=\"https:\/\/www.youtube.com\/embed\/1vHqpCf74wk\" allowfullscreen=\"allowfullscreen\" frameborder=\"0\"><\/iframe><\/div>\r\n<div class=\"col-sm-12 video-wrapper wow fadeInUp\" style=\"visibility: visible; animation-name: fadeInUp; margin-top: 50px;\"><iframe loading=\"lazy\" width=\"950\" height=\"534\" src=\"https:\/\/www.youtube.com\/embed\/w8Tk31sDW_s\" allowfullscreen=\"allowfullscreen\" frameborder=\"0\"><\/iframe><\/div>\r\n<div class=\"col-sm-12 video-wrapper wow fadeInUp\" style=\"visibility: visible; animation-name: fadeInUp; margin-top: 50px;\"><iframe loading=\"lazy\" width=\"950\" height=\"534\" src=\"https:\/\/www.youtube.com\/embed\/Y0v7FI7Dzhc\" allowfullscreen=\"allowfullscreen\" frameborder=\"0\"><\/iframe><\/div>\r\n<div class=\"col-sm-12 video-wrapper wow fadeInUp\" style=\"visibility: visible; animation-name: fadeInUp; margin-top: 50px;\"><iframe loading=\"lazy\" width=\"950\" height=\"534\" src=\"https:\/\/www.youtube.com\/embed\/aYZq5iUBC_U\" allowfullscreen=\"allowfullscreen\" frameborder=\"0\"><\/iframe><\/div>\r\n<\/div>\r\n<\/div>\r\n<\/section>","protected":false},"excerpt":{"rendered":"<p>Nuestro V\u00eddeos\u2026<\/p>\n","protected":false},"author":1,"featured_media":0,"parent":0,"menu_order":0,"comment_status":"closed","ping_status":"closed","template":"","meta":{"footnotes":""},"yoast_head":"<!-- This site is optimized with the Yoast SEO plugin v21.3 - https:\/\/yoast.com\/wordpress\/plugins\/seo\/ -->\n<title>V\u00eddeos &#8212; Mazon Maquetes<\/title>\n<meta name=\"description\" content=\"Confira na \u00edntegra a melhor qualidade final de maquetes ricas em detalhes e com acabamentos perfeitos j\u00e1 oferecida. Somos a Mazon Maquetes, conhe\u00e7a-nos!\" \/>\n<meta name=\"robots\" content=\"index, follow, max-snippet:-1, max-image-preview:large, max-video-preview:-1\" \/>\n<link rel=\"canonical\" href=\"https:\/\/mazonmaquetes.com.br\/espanhol\/videos\/\" \/>\n<meta property=\"og:locale\" content=\"pt_BR\" \/>\n<meta property=\"og:type\" content=\"article\" \/>\n<meta property=\"og:title\" content=\"V\u00eddeos &#8212; Mazon Maquetes\" \/>\n<meta property=\"og:description\" content=\"Confira na \u00edntegra a melhor qualidade final de maquetes ricas em detalhes e com acabamentos perfeitos j\u00e1 oferecida. Somos a Mazon Maquetes, conhe\u00e7a-nos!\" \/>\n<meta property=\"og:url\" content=\"https:\/\/mazonmaquetes.com.br\/espanhol\/videos\/\" \/>\n<meta property=\"og:site_name\" content=\"Mazon Maquetes\" \/>\n<meta property=\"article:publisher\" content=\"https:\/\/pt-br.facebook.com\/MazonMaquetes\/\" \/>\n<meta property=\"article:modified_time\" content=\"2023-06-27T18:30:11+00:00\" \/>\n<meta name=\"twitter:card\" content=\"summary_large_image\" \/>\n<meta name=\"twitter:site\" content=\"@mazonmaquetes\" \/>\n<meta name=\"twitter:label1\" content=\"Est. tempo de leitura\" \/>\n\t<meta name=\"twitter:data1\" content=\"1 minuto\" \/>\n<script type=\"application\/ld+json\" class=\"yoast-schema-graph\">{\"@context\":\"https:\/\/schema.org\",\"@graph\":[{\"@type\":\"WebPage\",\"@id\":\"https:\/\/mazonmaquetes.com.br\/espanhol\/videos\/\",\"url\":\"https:\/\/mazonmaquetes.com.br\/espanhol\/videos\/\",\"name\":\"V\u00eddeos &#8212; Mazon Maquetes\",\"isPartOf\":{\"@id\":\"https:\/\/mazonmaquetes.com.br\/espanhol\/#website\"},\"datePublished\":\"2017-10-15T03:53:18+00:00\",\"dateModified\":\"2023-06-27T18:30:11+00:00\",\"description\":\"Confira na \u00edntegra a melhor qualidade final de maquetes ricas em detalhes e com acabamentos perfeitos j\u00e1 oferecida. Somos a Mazon Maquetes, conhe\u00e7a-nos!\",\"breadcrumb\":{\"@id\":\"https:\/\/mazonmaquetes.com.br\/espanhol\/videos\/#breadcrumb\"},\"inLanguage\":\"pt-BR\",\"potentialAction\":[{\"@type\":\"ReadAction\",\"target\":[\"https:\/\/mazonmaquetes.com.br\/espanhol\/videos\/\"]}]},{\"@type\":\"BreadcrumbList\",\"@id\":\"https:\/\/mazonmaquetes.com.br\/espanhol\/videos\/#breadcrumb\",\"itemListElement\":[{\"@type\":\"ListItem\",\"position\":1,\"name\":\"In\u00edcio\",\"item\":\"https:\/\/mazonmaquetes.com.br\/espanhol\/\"},{\"@type\":\"ListItem\",\"position\":2,\"name\":\"V\u00eddeos\"}]},{\"@type\":\"WebSite\",\"@id\":\"https:\/\/mazonmaquetes.com.br\/espanhol\/#website\",\"url\":\"https:\/\/mazonmaquetes.com.br\/espanhol\/\",\"name\":\"Mazon Maquetes\",\"description\":\"La Mazon Maquetes e Modelos atua na elabora\u00e7\u00e3o de maquetes para diversos setores e aplica\u00e7\u00f5es, como o mercado imobili\u00e1rio, industrial, museol\u00f3gico, acad\u00eamico e outros a n\u00edvel nacional e internacional.\",\"potentialAction\":[{\"@type\":\"SearchAction\",\"target\":{\"@type\":\"EntryPoint\",\"urlTemplate\":\"https:\/\/mazonmaquetes.com.br\/espanhol\/?s={search_term_string}\"},\"query-input\":\"required name=search_term_string\"}],\"inLanguage\":\"pt-BR\"}]}<\/script>\n<!-- \/ Yoast SEO plugin. -->","yoast_head_json":{"title":"V\u00eddeos &#8212; Mazon Maquetes","description":"Confira na \u00edntegra a melhor qualidade final de maquetes ricas em detalhes e com acabamentos perfeitos j\u00e1 oferecida. Somos a Mazon Maquetes, conhe\u00e7a-nos!","robots":{"index":"index","follow":"follow","max-snippet":"max-snippet:-1","max-image-preview":"max-image-preview:large","max-video-preview":"max-video-preview:-1"},"canonical":"https:\/\/mazonmaquetes.com.br\/espanhol\/videos\/","og_locale":"pt_BR","og_type":"article","og_title":"V\u00eddeos &#8212; Mazon Maquetes","og_description":"Confira na \u00edntegra a melhor qualidade final de maquetes ricas em detalhes e com acabamentos perfeitos j\u00e1 oferecida. Somos a Mazon Maquetes, conhe\u00e7a-nos!","og_url":"https:\/\/mazonmaquetes.com.br\/espanhol\/videos\/","og_site_name":"Mazon Maquetes","article_publisher":"https:\/\/pt-br.facebook.com\/MazonMaquetes\/","article_modified_time":"2023-06-27T18:30:11+00:00","twitter_card":"summary_large_image","twitter_site":"@mazonmaquetes","twitter_misc":{"Est. tempo de leitura":"1 minuto"},"schema":{"@context":"https:\/\/schema.org","@graph":[{"@type":"WebPage","@id":"https:\/\/mazonmaquetes.com.br\/espanhol\/videos\/","url":"https:\/\/mazonmaquetes.com.br\/espanhol\/videos\/","name":"V\u00eddeos &#8212; Mazon Maquetes","isPartOf":{"@id":"https:\/\/mazonmaquetes.com.br\/espanhol\/#website"},"datePublished":"2017-10-15T03:53:18+00:00","dateModified":"2023-06-27T18:30:11+00:00","description":"Confira na \u00edntegra a melhor qualidade final de maquetes ricas em detalhes e com acabamentos perfeitos j\u00e1 oferecida. Somos a Mazon Maquetes, conhe\u00e7a-nos!","breadcrumb":{"@id":"https:\/\/mazonmaquetes.com.br\/espanhol\/videos\/#breadcrumb"},"inLanguage":"pt-BR","potentialAction":[{"@type":"ReadAction","target":["https:\/\/mazonmaquetes.com.br\/espanhol\/videos\/"]}]},{"@type":"BreadcrumbList","@id":"https:\/\/mazonmaquetes.com.br\/espanhol\/videos\/#breadcrumb","itemListElement":[{"@type":"ListItem","position":1,"name":"In\u00edcio","item":"https:\/\/mazonmaquetes.com.br\/espanhol\/"},{"@type":"ListItem","position":2,"name":"V\u00eddeos"}]},{"@type":"WebSite","@id":"https:\/\/mazonmaquetes.com.br\/espanhol\/#website","url":"https:\/\/mazonmaquetes.com.br\/espanhol\/","name":"Mazon Maquetes","description":"La Mazon Maquetes e Modelos atua na elabora\u00e7\u00e3o de maquetes para diversos setores e aplica\u00e7\u00f5es, como o mercado imobili\u00e1rio, industrial, museol\u00f3gico, acad\u00eamico e outros a n\u00edvel nacional e internacional.","potentialAction":[{"@type":"SearchAction","target":{"@type":"EntryPoint","urlTemplate":"https:\/\/mazonmaquetes.com.br\/espanhol\/?s={search_term_string}"},"query-input":"required name=search_term_string"}],"inLanguage":"pt-BR"}]}},"_links":{"self":[{"href":"https:\/\/mazonmaquetes.com.br\/espanhol\/wp-json\/wp\/v2\/pages\/16"}],"collection":[{"href":"https:\/\/mazonmaquetes.com.br\/espanhol\/wp-json\/wp\/v2\/pages"}],"about":[{"href":"https:\/\/mazonmaquetes.com.br\/espanhol\/wp-json\/wp\/v2\/types\/page"}],"author":[{"embeddable":true,"href":"https:\/\/mazonmaquetes.com.br\/espanhol\/wp-json\/wp\/v2\/users\/1"}],"replies":[{"embeddable":true,"href":"https:\/\/mazonmaquetes.com.br\/espanhol\/wp-json\/wp\/v2\/comments?post=16"}],"version-history":[{"count":0,"href":"https:\/\/mazonmaquetes.com.br\/espanhol\/wp-json\/wp\/v2\/pages\/16\/revisions"}],"wp:attachment":[{"href":"https:\/\/mazonmaquetes.com.br\/espanhol\/wp-json\/wp\/v2\/media?parent=16"}],"curies":[{"name":"wp","href":"https:\/\/api.w.org\/{rel}","templated":true}]}}