{"id":14,"date":"2017-10-15T01:53:18","date_gmt":"2017-10-15T03:53:18","guid":{"rendered":"https:\/\/mazonmaquetes.com.br\/espanhol\/servicos\/"},"modified":"2023-06-27T15:27:24","modified_gmt":"2023-06-27T18:27:24","slug":"servicios","status":"publish","type":"page","link":"https:\/\/mazonmaquetes.com.br\/espanhol\/servicios\/","title":{"rendered":"Servicios"},"content":{"rendered":"<!-- Services -->\r\n<section class=\"services\">\r\n    <div class=\"container\">\r\n        <div class=\"row\">\r\n\r\n\r\n            <div class=\"col-sm-12 section-header\">\r\n                <h2 class=\"section-heading wow fadeInUp\">Construimos Modelos\u2026<\/h2>\r\n            <\/div>\r\n\r\n\r\n            <div class=\"col-sm-4 service-column wow fadeInUp\">\r\n                <div class=\"service-box\"><i class=\"fa fa-building-o\"><\/i>\r\n                    <h3>Edificios Residenciales<\/h3>\r\n                    <p>Ejecutamos su proyecto de maqueta de Edificio Residencial con el mayor realismo posible y riqueza de detalles y elegancia.<\/p>\r\n                    <a href=\"https:\/\/mazonmaquetes.com.br\/espanhol\/edificios-residenciales\/\" title=\"Ver Proyectos\">Ver\r\n                        Projetos<\/a>\r\n                <\/div>\r\n\r\n                <div class=\"service-box\"><i class=\"fa fa-building\"><\/i>\r\n                    <h3>Edificios Comerciales<\/h3>\r\n                    <p>Los edificios comerciales est\u00e1n destinados exclusivamente a los negocios y, en los negocios, siempre es bueno obtener una vista previa de lo que est\u00e1 por venir.<\/p>\r\n                    <a href=\"https:\/\/mazonmaquetes.com.br\/espanhol\/edificios-comerciales\/\" title=\"Ver Proyectos\">Ver\r\n                        Projetos<\/a>\r\n                <\/div>\r\n            <\/div>\r\n\r\n\r\n            <div class=\"col-sm-4 service-column wow fadeInUp\">\r\n                <div class=\"service-box\"><i class=\"fa fa-home\"><\/i>\r\n                    <h3>Residencias<\/h3>\r\n                    <p>Cuente con nosotros para hacer realidad la casa de sus sue\u00f1os. Aseg\u00farate de tener tantos detalles como sea posible, como siempre quisiste.<\/p>\r\n                    <a href=\"https:\/\/mazonmaquetes.com.br\/espanhol\/residencias\/\" title=\"Ver Proyectos\">Ver Proyectos<\/a>\r\n                <\/div>\r\n                <div class=\"service-box\"><i class=\"fa fa-building-o\"><\/i>\r\n                    <h3>Condominios<\/h3>\r\n                    <p>Muestra a los futuros inquilinos tus garant\u00edas y beneficios reales como residente incluso antes de mudarte con bellas maquetas.<\/p>\r\n                    <a href=\"https:\/\/mazonmaquetes.com.br\/espanhol\/condominios\/\" title=\"Ver Proyectos\">Ver Proyectos<\/a>\r\n                <\/div>\r\n            <\/div>\r\n\r\n\r\n            <div class=\"col-sm-4 service-column wow fadeInUp\">\r\n                <div class=\"service-box\"><i class=\"fa fa-grav\"><\/i>\r\n                    <h3>Museos<\/h3>\r\n                    <p>Se vuelve divertido desarrollar modelos de museo. Es posible ver detalles incluso en algunos objetos que estar\u00e1n expuestos.<\/p>\r\n                    <a href=\"https:\/\/mazonmaquetes.com.br\/espanhol\/museos\/\" title=\"Ver Proyectos\">Ver Proyectos<\/a>\r\n                <\/div>\r\n\r\n\r\n                <div class=\"service-box\"><i class=\"fa fa-university\"><\/i>\r\n                    <h3>Acad\u00e9micos<\/h3>\r\n                    <p>Desde la silla para zurdos hasta las estanter\u00edas (con libros), nos tomamos muy en serio la comodidad y la accesibilidad de nuestros estudiantes.<\/p>\r\n                    <a href=\"https:\/\/mazonmaquetes.com.br\/espanhol\/academicos\/\" title=\"Ver Proyectos\">Ver Proyectos<\/a>\r\n                <\/div>\r\n            <\/div>\r\n\r\n\r\n        <\/div>\r\n\r\n\r\n        <div class=\"row\" style=\"margin-top: 90px;\">\r\n\r\n\r\n            <div class=\"col-sm-4 service-column wow fadeInUp\">\r\n                <div class=\"service-box\"><i class=\"fa fa-hospital-o\"><\/i>\r\n                    <h3>Hospitales<\/h3>\r\n                    <p>Los hospitales tambi\u00e9n obtienen una soluci\u00f3n adicional al carrito de Mazon. Lo m\u00e1s interesante es que hasta las camillas tienen ruedas.<\/p>\r\n                    <a href=\"https:\/\/mazonmaquetes.com.br\/espanhol\/hospitales\/\" title=\"Ver Proyectos\">Ver Proyectos<\/a>\r\n                <\/div>\r\n\r\n\r\n                <div class=\"service-box\"><i class=\"fa fa-picture-o\"><\/i>\r\n                    <h3>Urban\u00edstico<\/h3>\r\n                    <p>Destacamos la importancia de cada detalle en su proyecto urbano, con objetos, personas y todo el entorno natural necesario.<\/p>\r\n                    <a href=\"https:\/\/mazonmaquetes.com.br\/espanhol\/urbanistico\" title=\"Ver Proyectos\">Ver Proyectos<\/a>\r\n                <\/div>\r\n            <\/div>\r\n\r\n\r\n            <div class=\"col-sm-4 service-column wow fadeInUp\">\r\n                <div class=\"service-box\"><i class=\"fa fa-industry\"><\/i>\r\n                    <h3>Industriales<\/h3>\r\n                    <p>Lo ayudaremos a organizar mejor el dise\u00f1o de su industria, brind\u00e1ndole un punto de vista superior de lo que realmente sucede all\u00ed.<\/p>\r\n                    <a href=\"https:\/\/mazonmaquetes.com.br\/espanhol\/industriales\/\" title=\"Ver Proyectos\">Ver Proyectos<\/a>\r\n                <\/div>\r\n\r\n\r\n                <div class=\"service-box\"><i class=\"fa fa-pencil\"><\/i>\r\n                    <h3>Otros<\/h3>\r\n                    <p>Nuestra experiencia y profesionales cualificados le ayudar\u00e1n con su proyecto espec\u00edfico. Siempre estamos dispuestos a hacer un esfuerzo adicional.<\/p>\r\n                    <a href=\"https:\/\/mazonmaquetes.com.br\/espanhol\/otros\/\" title=\"Ver Proyectos\">Ver Proyectos<\/a>\r\n                <\/div>\r\n            <\/div>\r\n\r\n\r\n            <div class=\"col-sm-4 service-column wow fadeInUp\">\r\n                <div class=\"service-box\"><i class=\"fa fa-inbox\"><\/i>\r\n                    <h3>Internos<\/h3>\r\n                    <p>\u00bfQu\u00e9 tal ver los detalles, adentro? Nuestra tecnolog\u00eda de punta nos permite desarrollar modelos en diferentes escalas.\r\n                    <\/p>\r\n                    <a href=\"https:\/\/mazonmaquetes.com.br\/espanhol\/internos\/\" title=\"Ver Proyectos\">Ver Proyectos<\/a>\r\n                <\/div>\r\n            <\/div>\r\n\r\n        <\/div>\r\n    <\/div>\r\n<\/section>\r\n\r\n\r\n<!-- End Services -->\r\n<section class=\"service-calltoaction\">\r\n    <div class=\"container\">\r\n        <div class=\"row\">\r\n            <div class=\"col-sm-12 col-md-9 col-lg-9 service-calltocontent\"><i class=\"fa fa-paper-plane fa-4x\"><\/i>\r\n                <h2><strong>\u00bfVAMOS <\/strong>A EJECUTAR TU PROYECTO MODELO?<\/h2>\r\n                <p>Solo un click para enviar tus proyectos ahora mismo o resolver tus dudas.<\/p>\r\n            <\/div>\r\n            <div class=\"col-sm-12 col-md-3 col-lg-3 service-calltobutton\"><a\r\n                    href=\"https:\/\/mazonmaquetes.com.br\/espanhol\/contacto\/\" title=\"Fale Conosco\"\r\n                    class=\"btn btn-default\">CONT\u00c1CTENOS<\/a><\/div>\r\n        <\/div>\r\n    <\/div>\r\n<\/section>","protected":false},"excerpt":{"rendered":"<p>Construimos Modelos\u2026 Edificios Residenciales Ejecutamos su proyecto de maqueta de Edificio Residencial con el mayor realismo posible y riqueza de detalles y&#8230;<\/p>\n","protected":false},"author":1,"featured_media":0,"parent":0,"menu_order":0,"comment_status":"closed","ping_status":"closed","template":"","meta":{"footnotes":""},"yoast_head":"<!-- This site is optimized with the Yoast SEO plugin v21.3 - https:\/\/yoast.com\/wordpress\/plugins\/seo\/ -->\n<title>Servicios &#8212; Mazon Maquetes<\/title>\n<meta name=\"description\" content=\"Ressaltamos a import\u00e2ncia em cada detalhe de seu projeto de projeto, como objetos, pessoas e todo tipo de ambiente natural, interno ou externo.\" \/>\n<meta name=\"robots\" content=\"index, follow, max-snippet:-1, max-image-preview:large, max-video-preview:-1\" \/>\n<link rel=\"canonical\" href=\"https:\/\/mazonmaquetes.com.br\/espanhol\/servicios\/\" \/>\n<meta property=\"og:locale\" content=\"pt_BR\" \/>\n<meta property=\"og:type\" content=\"article\" \/>\n<meta property=\"og:title\" content=\"Servicios &#8212; Mazon Maquetes\" \/>\n<meta property=\"og:description\" content=\"Ressaltamos a import\u00e2ncia em cada detalhe de seu projeto de projeto, como objetos, pessoas e todo tipo de ambiente natural, interno ou externo.\" \/>\n<meta property=\"og:url\" content=\"https:\/\/mazonmaquetes.com.br\/espanhol\/servicios\/\" \/>\n<meta property=\"og:site_name\" content=\"Mazon Maquetes\" \/>\n<meta property=\"article:publisher\" content=\"https:\/\/pt-br.facebook.com\/MazonMaquetes\/\" \/>\n<meta property=\"article:modified_time\" content=\"2023-06-27T18:27:24+00:00\" \/>\n<meta name=\"twitter:card\" content=\"summary_large_image\" \/>\n<meta name=\"twitter:site\" content=\"@mazonmaquetes\" \/>\n<meta name=\"twitter:label1\" content=\"Est. tempo de leitura\" \/>\n\t<meta name=\"twitter:data1\" content=\"2 minutos\" \/>\n<script type=\"application\/ld+json\" class=\"yoast-schema-graph\">{\"@context\":\"https:\/\/schema.org\",\"@graph\":[{\"@type\":\"WebPage\",\"@id\":\"https:\/\/mazonmaquetes.com.br\/espanhol\/servicios\/\",\"url\":\"https:\/\/mazonmaquetes.com.br\/espanhol\/servicios\/\",\"name\":\"Servicios &#8212; Mazon Maquetes\",\"isPartOf\":{\"@id\":\"https:\/\/mazonmaquetes.com.br\/espanhol\/#website\"},\"datePublished\":\"2017-10-15T03:53:18+00:00\",\"dateModified\":\"2023-06-27T18:27:24+00:00\",\"description\":\"Ressaltamos a import\u00e2ncia em cada detalhe de seu projeto de projeto, como objetos, pessoas e todo tipo de ambiente natural, interno ou externo.\",\"breadcrumb\":{\"@id\":\"https:\/\/mazonmaquetes.com.br\/espanhol\/servicios\/#breadcrumb\"},\"inLanguage\":\"pt-BR\",\"potentialAction\":[{\"@type\":\"ReadAction\",\"target\":[\"https:\/\/mazonmaquetes.com.br\/espanhol\/servicios\/\"]}]},{\"@type\":\"BreadcrumbList\",\"@id\":\"https:\/\/mazonmaquetes.com.br\/espanhol\/servicios\/#breadcrumb\",\"itemListElement\":[{\"@type\":\"ListItem\",\"position\":1,\"name\":\"In\u00edcio\",\"item\":\"https:\/\/mazonmaquetes.com.br\/espanhol\/\"},{\"@type\":\"ListItem\",\"position\":2,\"name\":\"Servicios\"}]},{\"@type\":\"WebSite\",\"@id\":\"https:\/\/mazonmaquetes.com.br\/espanhol\/#website\",\"url\":\"https:\/\/mazonmaquetes.com.br\/espanhol\/\",\"name\":\"Mazon Maquetes\",\"description\":\"La Mazon Maquetes e Modelos atua na elabora\u00e7\u00e3o de maquetes para diversos setores e aplica\u00e7\u00f5es, como o mercado imobili\u00e1rio, industrial, museol\u00f3gico, acad\u00eamico e outros a n\u00edvel nacional e internacional.\",\"potentialAction\":[{\"@type\":\"SearchAction\",\"target\":{\"@type\":\"EntryPoint\",\"urlTemplate\":\"https:\/\/mazonmaquetes.com.br\/espanhol\/?s={search_term_string}\"},\"query-input\":\"required name=search_term_string\"}],\"inLanguage\":\"pt-BR\"}]}<\/script>\n<!-- \/ Yoast SEO plugin. -->","yoast_head_json":{"title":"Servicios &#8212; Mazon Maquetes","description":"Ressaltamos a import\u00e2ncia em cada detalhe de seu projeto de projeto, como objetos, pessoas e todo tipo de ambiente natural, interno ou externo.","robots":{"index":"index","follow":"follow","max-snippet":"max-snippet:-1","max-image-preview":"max-image-preview:large","max-video-preview":"max-video-preview:-1"},"canonical":"https:\/\/mazonmaquetes.com.br\/espanhol\/servicios\/","og_locale":"pt_BR","og_type":"article","og_title":"Servicios &#8212; Mazon Maquetes","og_description":"Ressaltamos a import\u00e2ncia em cada detalhe de seu projeto de projeto, como objetos, pessoas e todo tipo de ambiente natural, interno ou externo.","og_url":"https:\/\/mazonmaquetes.com.br\/espanhol\/servicios\/","og_site_name":"Mazon Maquetes","article_publisher":"https:\/\/pt-br.facebook.com\/MazonMaquetes\/","article_modified_time":"2023-06-27T18:27:24+00:00","twitter_card":"summary_large_image","twitter_site":"@mazonmaquetes","twitter_misc":{"Est. tempo de leitura":"2 minutos"},"schema":{"@context":"https:\/\/schema.org","@graph":[{"@type":"WebPage","@id":"https:\/\/mazonmaquetes.com.br\/espanhol\/servicios\/","url":"https:\/\/mazonmaquetes.com.br\/espanhol\/servicios\/","name":"Servicios &#8212; Mazon Maquetes","isPartOf":{"@id":"https:\/\/mazonmaquetes.com.br\/espanhol\/#website"},"datePublished":"2017-10-15T03:53:18+00:00","dateModified":"2023-06-27T18:27:24+00:00","description":"Ressaltamos a import\u00e2ncia em cada detalhe de seu projeto de projeto, como objetos, pessoas e todo tipo de ambiente natural, interno ou externo.","breadcrumb":{"@id":"https:\/\/mazonmaquetes.com.br\/espanhol\/servicios\/#breadcrumb"},"inLanguage":"pt-BR","potentialAction":[{"@type":"ReadAction","target":["https:\/\/mazonmaquetes.com.br\/espanhol\/servicios\/"]}]},{"@type":"BreadcrumbList","@id":"https:\/\/mazonmaquetes.com.br\/espanhol\/servicios\/#breadcrumb","itemListElement":[{"@type":"ListItem","position":1,"name":"In\u00edcio","item":"https:\/\/mazonmaquetes.com.br\/espanhol\/"},{"@type":"ListItem","position":2,"name":"Servicios"}]},{"@type":"WebSite","@id":"https:\/\/mazonmaquetes.com.br\/espanhol\/#website","url":"https:\/\/mazonmaquetes.com.br\/espanhol\/","name":"Mazon Maquetes","description":"La Mazon Maquetes e Modelos atua na elabora\u00e7\u00e3o de maquetes para diversos setores e aplica\u00e7\u00f5es, como o mercado imobili\u00e1rio, industrial, museol\u00f3gico, acad\u00eamico e outros a n\u00edvel nacional e internacional.","potentialAction":[{"@type":"SearchAction","target":{"@type":"EntryPoint","urlTemplate":"https:\/\/mazonmaquetes.com.br\/espanhol\/?s={search_term_string}"},"query-input":"required name=search_term_string"}],"inLanguage":"pt-BR"}]}},"_links":{"self":[{"href":"https:\/\/mazonmaquetes.com.br\/espanhol\/wp-json\/wp\/v2\/pages\/14"}],"collection":[{"href":"https:\/\/mazonmaquetes.com.br\/espanhol\/wp-json\/wp\/v2\/pages"}],"about":[{"href":"https:\/\/mazonmaquetes.com.br\/espanhol\/wp-json\/wp\/v2\/types\/page"}],"author":[{"embeddable":true,"href":"https:\/\/mazonmaquetes.com.br\/espanhol\/wp-json\/wp\/v2\/users\/1"}],"replies":[{"embeddable":true,"href":"https:\/\/mazonmaquetes.com.br\/espanhol\/wp-json\/wp\/v2\/comments?post=14"}],"version-history":[{"count":0,"href":"https:\/\/mazonmaquetes.com.br\/espanhol\/wp-json\/wp\/v2\/pages\/14\/revisions"}],"wp:attachment":[{"href":"https:\/\/mazonmaquetes.com.br\/espanhol\/wp-json\/wp\/v2\/media?parent=14"}],"curies":[{"name":"wp","href":"https:\/\/api.w.org\/{rel}","templated":true}]}}